{"id":1897,"date":"2021-10-08T10:21:22","date_gmt":"2021-10-08T07:21:22","guid":{"rendered":"https:\/\/www.etkaotomotiv.com\/?page_id=1897"},"modified":"2022-03-17T08:23:37","modified_gmt":"2022-03-17T05:23:37","slug":"vizyon-misyon","status":"publish","type":"page","link":"https:\/\/www.caravanparts.com.tr\/en\/vizyon-misyon\/","title":{"rendered":"Vision &amp; Mission"},"content":{"rendered":"<div data-elementor-type=\"wp-page\" data-elementor-id=\"1897\" class=\"elementor elementor-1897\">\n\t\t\t\t\t\t<section class=\"elementor-section elementor-top-section elementor-element elementor-element-8d58990 elementor-section-boxed elementor-section-height-default elementor-section-height-default\" data-id=\"8d58990\" data-element_type=\"section\">\n\t\t\t\t\t\t<div class=\"elementor-container elementor-column-gap-default\">\n\t\t\t\t\t<div class=\"elementor-column elementor-col-100 elementor-top-column elementor-element elementor-element-2ae8e0c\" data-id=\"2ae8e0c\" data-element_type=\"column\">\n\t\t\t<div class=\"elementor-widget-wrap elementor-element-populated\">\n\t\t\t\t\t\t<section class=\"elementor-section elementor-inner-section elementor-element elementor-element-344c7b2 elementor-section-boxed elementor-section-height-default elementor-section-height-default\" data-id=\"344c7b2\" data-element_type=\"section\">\n\t\t\t\t\t\t<div class=\"elementor-container elementor-column-gap-default\">\n\t\t\t\t\t<div class=\"elementor-column elementor-col-50 elementor-inner-column elementor-element elementor-element-cf662ba\" data-id=\"cf662ba\" data-element_type=\"column\">\n\t\t\t<div class=\"elementor-widget-wrap elementor-element-populated\">\n\t\t\t\t\t\t<div class=\"elementor-element elementor-element-6d00626 elementor-invisible elementor-widget elementor-widget-image\" data-id=\"6d00626\" data-element_type=\"widget\" data-settings=\"{&quot;_animation&quot;:&quot;fadeInUp&quot;}\" data-widget_type=\"image.default\">\n\t\t\t\t<div class=\"elementor-widget-container\">\n\t\t\t\t\t\t\t\t\t\t\t\t\t<img fetchpriority=\"high\" decoding=\"async\" width=\"810\" height=\"540\" src=\"https:\/\/www.caravanparts.com.tr\/wp-content\/uploads\/2021\/10\/hexagons-g1e832b06d_1920-1024x683.jpg\" class=\"attachment-large size-large wp-image-2577\" alt=\"\" srcset=\"https:\/\/www.caravanparts.com.tr\/wp-content\/uploads\/2021\/10\/hexagons-g1e832b06d_1920-1024x683.jpg 1024w, https:\/\/www.caravanparts.com.tr\/wp-content\/uploads\/2021\/10\/hexagons-g1e832b06d_1920-300x200.jpg 300w, https:\/\/www.caravanparts.com.tr\/wp-content\/uploads\/2021\/10\/hexagons-g1e832b06d_1920-768x512.jpg 768w, https:\/\/www.caravanparts.com.tr\/wp-content\/uploads\/2021\/10\/hexagons-g1e832b06d_1920-1536x1024.jpg 1536w, https:\/\/www.caravanparts.com.tr\/wp-content\/uploads\/2021\/10\/hexagons-g1e832b06d_1920-18x12.jpg 18w, https:\/\/www.caravanparts.com.tr\/wp-content\/uploads\/2021\/10\/hexagons-g1e832b06d_1920-272x182.jpg 272w, https:\/\/www.caravanparts.com.tr\/wp-content\/uploads\/2021\/10\/hexagons-g1e832b06d_1920.jpg 1920w\" sizes=\"(max-width: 810px) 100vw, 810px\" \/>\t\t\t\t\t\t\t\t\t\t\t\t\t<\/div>\n\t\t\t\t<\/div>\n\t\t\t\t\t<\/div>\n\t\t<\/div>\n\t\t\t\t<div class=\"elementor-column elementor-col-50 elementor-inner-column elementor-element elementor-element-93a9ced\" data-id=\"93a9ced\" data-element_type=\"column\">\n\t\t\t<div class=\"elementor-widget-wrap elementor-element-populated\">\n\t\t\t\t\t\t<div class=\"elementor-element elementor-element-aae9b07 elementor-widget-divider--view-line_text elementor-widget-divider--element-align-center elementor-widget elementor-widget-divider\" data-id=\"aae9b07\" data-element_type=\"widget\" data-widget_type=\"divider.default\">\n\t\t\t\t<div class=\"elementor-widget-container\">\n\t\t\t\t\t<div class=\"elementor-divider\">\n\t\t\t<span class=\"elementor-divider-separator\">\n\t\t\t\t\t\t\t<h1 class=\"elementor-divider__text elementor-divider__element\">\n\t\t\t\tVision\t\t\t\t<\/h1>\n\t\t\t\t\t\t<\/span>\n\t\t<\/div>\n\t\t\t\t<\/div>\n\t\t\t\t<\/div>\n\t\t\t\t<div class=\"elementor-element elementor-element-d0f56a5 elementor-invisible elementor-widget elementor-widget-text-editor\" data-id=\"d0f56a5\" data-element_type=\"widget\" data-settings=\"{&quot;_animation&quot;:&quot;fadeInDown&quot;}\" data-widget_type=\"text-editor.default\">\n\t\t\t\t<div class=\"elementor-widget-container\">\n\t\t\t\t\t\t\t<p><span style=\"color: #7a7a7a; font-family: Helvetica, sans-serif; font-size: 11.5pt;\">As a Priority Solution Partner for Air, Defense, Automotive, Rail Systems and the Main Industries of Medium and High Technology that will Create Opportunities in the Future;\u00a0<\/span><span style=\"color: #7a7a7a; font-family: Helvetica, sans-serif; font-size: 11.5pt;\">being a brand company with high value added, trusted,<\/span><span style=\"color: #7a7a7a; font-family: Helvetica, sans-serif; font-size: 11.5pt;\">\u00a0preferred and stickted to its values.\u00a0\u00a0<\/span><\/p>\t\t\t\t\t\t<\/div>\n\t\t\t\t<\/div>\n\t\t\t\t<div class=\"elementor-element elementor-element-402460d elementor-widget-divider--view-line_text elementor-widget-divider--element-align-center elementor-widget elementor-widget-divider\" data-id=\"402460d\" data-element_type=\"widget\" data-widget_type=\"divider.default\">\n\t\t\t\t<div class=\"elementor-widget-container\">\n\t\t\t\t\t<div class=\"elementor-divider\">\n\t\t\t<span class=\"elementor-divider-separator\">\n\t\t\t\t\t\t\t<h1 class=\"elementor-divider__text elementor-divider__element\">\n\t\t\t\tMission\t\t\t\t<\/h1>\n\t\t\t\t\t\t<\/span>\n\t\t<\/div>\n\t\t\t\t<\/div>\n\t\t\t\t<\/div>\n\t\t\t\t<div class=\"elementor-element elementor-element-163b5af elementor-widget elementor-widget-text-editor\" data-id=\"163b5af\" data-element_type=\"widget\" data-widget_type=\"text-editor.default\">\n\t\t\t\t<div class=\"elementor-widget-container\">\n\t\t\t\t\t\t\t<p><span style=\"color: #7a7a7a; font-family: Helvetica, sans-serif; font-size: 11.5pt;\">Using Our Knowledge, Useful Designs and Production Competencies in the Best Way and making all parties concerned happy.<\/span><\/p>\t\t\t\t\t\t<\/div>\n\t\t\t\t<\/div>\n\t\t\t\t\t<\/div>\n\t\t<\/div>\n\t\t\t\t\t<\/div>\n\t\t<\/section>\n\t\t\t\t\t<\/div>\n\t\t<\/div>\n\t\t\t\t\t<\/div>\n\t\t<\/section>\n\t\t\t\t<\/div>","protected":false},"excerpt":{"rendered":"<p>V\u0130ZYONUMUZ Havac\u0131l\u0131k, Savunma, Otomotiv, Rayl\u0131 Sistemler ve Gelecekte F\u0131rsat\u00a0 \u00a0 Olu\u015fturacak Orta ve \u0130leri Teknoloji Ana Sanayilerin \u00d6ncelikli \u00c7\u00f6z\u00fcm Orta\u011f\u0131\u00a0Olarak; De\u011ferlerine Ba\u011fl\u0131, G\u00fcvenilen,\u00a0 Tercih Edilen ve Katma De\u011feri Y\u00fcksek\u00a0Marka \u015eirket Olmak.\u00a0\u00a0 M\u0130SYONUMUZ Bilgi Birikimi, Faydal\u0131 Tasar\u0131mlar\u0131 ve \u00dcretim Yetkinliklerimizi En \u0130yi \u015eekilde Kullan\u0131p, T\u00fcm Taraflar\u0131 Mutlu Etmek.<\/p>","protected":false},"author":1,"featured_media":0,"parent":0,"menu_order":0,"comment_status":"closed","ping_status":"closed","template":"","meta":{"footnotes":""},"class_list":["post-1897","page","type-page","status-publish","hentry"],"_links":{"self":[{"href":"https:\/\/www.caravanparts.com.tr\/en\/wp-json\/wp\/v2\/pages\/1897"}],"collection":[{"href":"https:\/\/www.caravanparts.com.tr\/en\/wp-json\/wp\/v2\/pages"}],"about":[{"href":"https:\/\/www.caravanparts.com.tr\/en\/wp-json\/wp\/v2\/types\/page"}],"author":[{"embeddable":true,"href":"https:\/\/www.caravanparts.com.tr\/en\/wp-json\/wp\/v2\/users\/1"}],"replies":[{"embeddable":true,"href":"https:\/\/www.caravanparts.com.tr\/en\/wp-json\/wp\/v2\/comments?post=1897"}],"version-history":[{"count":157,"href":"https:\/\/www.caravanparts.com.tr\/en\/wp-json\/wp\/v2\/pages\/1897\/revisions"}],"predecessor-version":[{"id":7539,"href":"https:\/\/www.caravanparts.com.tr\/en\/wp-json\/wp\/v2\/pages\/1897\/revisions\/7539"}],"wp:attachment":[{"href":"https:\/\/www.caravanparts.com.tr\/en\/wp-json\/wp\/v2\/media?parent=1897"}],"curies":[{"name":"wp","href":"https:\/\/api.w.org\/{rel}","templated":true}]}}