{"id":1558,"date":"2021-09-29T11:33:55","date_gmt":"2021-09-29T08:33:55","guid":{"rendered":"http:\/\/www.daio.info\/Firmalar\/etka-otomotiv\/?page_id=1558"},"modified":"2022-01-16T21:26:11","modified_gmt":"2022-01-16T18:26:11","slug":"insan-kaynaklari","status":"publish","type":"page","link":"https:\/\/www.caravanparts.com.tr\/en\/insan-kaynaklari\/","title":{"rendered":"HUMAN RESOURCES"},"content":{"rendered":"<div data-elementor-type=\"wp-page\" data-elementor-id=\"1558\" class=\"elementor elementor-1558\">\n\t\t\t\t\t\t<section class=\"elementor-section elementor-top-section elementor-element elementor-element-3262db3b elementor-section-boxed elementor-section-height-default elementor-section-height-default\" data-id=\"3262db3b\" data-element_type=\"section\">\n\t\t\t\t\t\t<div class=\"elementor-container elementor-column-gap-default\">\n\t\t\t\t\t<div class=\"elementor-column elementor-col-100 elementor-top-column elementor-element elementor-element-11c114d8\" data-id=\"11c114d8\" data-element_type=\"column\">\n\t\t\t<div class=\"elementor-widget-wrap elementor-element-populated\">\n\t\t\t\t\t\t<div class=\"elementor-element elementor-element-3adc331 elementor-widget-divider--view-line_text elementor-widget-divider--element-align-center elementor-widget elementor-widget-divider\" data-id=\"3adc331\" data-element_type=\"widget\" data-widget_type=\"divider.default\">\n\t\t\t\t<div class=\"elementor-widget-container\">\n\t\t\t\t\t<div class=\"elementor-divider\">\n\t\t\t<span class=\"elementor-divider-separator\">\n\t\t\t\t\t\t\t<span class=\"elementor-divider__text elementor-divider__element\">\n\t\t\t\t\u0130NSAN KAYNAKLARI POL\u0130T\u0130KAMIZ\t\t\t\t<\/span>\n\t\t\t\t\t\t<\/span>\n\t\t<\/div>\n\t\t\t\t<\/div>\n\t\t\t\t<\/div>\n\t\t\t\t<div class=\"elementor-element elementor-element-62e511a4 elementor-invisible elementor-widget elementor-widget-text-editor\" data-id=\"62e511a4\" data-element_type=\"widget\" data-settings=\"{&quot;_animation&quot;:&quot;slideInRight&quot;}\" data-widget_type=\"text-editor.default\">\n\t\t\t\t<div class=\"elementor-widget-container\">\n\t\t\t\t\t\t\t<p><span style=\"color: #6a6a6a; font-family: 'Open Sans', sans-serif; font-size: 15px; font-weight: 400;\">While achieving our vision of \"To be a manufacturer of information, brands and products in our own business line in global world conditions\" with a transparent management approach,\u00a0<\/span>\"Respecting People and Valuing Labor\" has always been one of our most important values.<\/p><p>As a company that is aware that customer satisfaction can only be achieved with happy employees, it is one of our most important goals to ensure employee satisfaction.<\/p><p>While we expect and support our human resources to work in an open, participatory, solution-oriented and team spirit;<\/p><p>\u2013 We follow the career development of our employees through the trainings and performance management we implement.<\/p><p>\u2013 We contribute to their technical knowledge and skills with development-oriented training practices.<\/p><p>\u2013 We know that our employees are one of the most important values \u200b\u200bthat represent our company.<\/p><p>\u2013 We care about the contribution of every employee we see as a part of our team to our company.<\/p>\t\t\t\t\t\t<\/div>\n\t\t\t\t<\/div>\n\t\t\t\t\t<\/div>\n\t\t<\/div>\n\t\t\t\t\t<\/div>\n\t\t<\/section>\n\t\t\t\t<section class=\"elementor-section elementor-top-section elementor-element elementor-element-a033c2f elementor-section-boxed elementor-section-height-default elementor-section-height-default\" data-id=\"a033c2f\" data-element_type=\"section\">\n\t\t\t\t\t\t<div class=\"elementor-container elementor-column-gap-default\">\n\t\t\t\t\t<div class=\"elementor-column elementor-col-100 elementor-top-column elementor-element elementor-element-949adac\" data-id=\"949adac\" data-element_type=\"column\">\n\t\t\t<div class=\"elementor-widget-wrap elementor-element-populated\">\n\t\t\t\t\t\t<div class=\"elementor-element elementor-element-248d895 elementor-widget-divider--view-line_icon elementor-view-default elementor-widget-divider--element-align-center elementor-widget elementor-widget-divider\" data-id=\"248d895\" data-element_type=\"widget\" data-widget_type=\"divider.default\">\n\t\t\t\t<div class=\"elementor-widget-container\">\n\t\t\t\t\t<div class=\"elementor-divider\">\n\t\t\t<span class=\"elementor-divider-separator\">\n\t\t\t\t\t\t\t<div class=\"elementor-icon elementor-divider__element\">\n\t\t\t\t\t<i aria-hidden=\"true\" class=\"fab fa-wpforms\"><\/i><\/div>\n\t\t\t\t\t\t<\/span>\n\t\t<\/div>\n\t\t\t\t<\/div>\n\t\t\t\t<\/div>\n\t\t\t\t\t<\/div>\n\t\t<\/div>\n\t\t\t\t\t<\/div>\n\t\t<\/section>\n\t\t\t\t<section class=\"elementor-section elementor-top-section elementor-element elementor-element-864320f elementor-section-boxed elementor-section-height-default elementor-section-height-default\" data-id=\"864320f\" data-element_type=\"section\">\n\t\t\t\t\t\t<div class=\"elementor-container elementor-column-gap-default\">\n\t\t\t\t\t<div class=\"elementor-column elementor-col-100 elementor-top-column elementor-element elementor-element-c27dd16\" data-id=\"c27dd16\" data-element_type=\"column\">\n\t\t\t<div class=\"elementor-widget-wrap elementor-element-populated\">\n\t\t\t\t\t\t<div class=\"elementor-element elementor-element-ee0595d elementor-invisible elementor-widget elementor-widget-text-editor\" data-id=\"ee0595d\" data-element_type=\"widget\" data-settings=\"{&quot;_animation&quot;:&quot;rotateInDownLeft&quot;}\" data-widget_type=\"text-editor.default\">\n\t\t\t\t<div class=\"elementor-widget-container\">\n\t\t\t\t\t\t\t<figure id=\"attachment_1561\" aria-describedby=\"caption-attachment-1561\" style=\"width: 450px\" class=\"wp-caption aligncenter\"><a href=\"https:\/\/www.etkaotomotiv.com\/wp-content\/uploads\/2021\/10\/FR-18-Is-Basvurusu-Formu_.pdf\"><img decoding=\"async\" class=\"wp-image-1561 size-full\" title=\"\u0130\u015f Ba\u015fvuru Formuna Ula\u015fmak \u0130\u00e7in TIKLAYINIZ\" src=\"https:\/\/www.etkaotomotiv.com\/wp-content\/uploads\/2021\/09\/is-basvuru-form.jpg\" alt=\"\u0130\u015f Ba\u015fvuru Formuna Ula\u015fmak \u0130\u00e7in TIKLAYINIZ\" width=\"450\" height=\"111\" srcset=\"https:\/\/www.caravanparts.com.tr\/wp-content\/uploads\/2021\/09\/is-basvuru-form.jpg 450w, https:\/\/www.caravanparts.com.tr\/wp-content\/uploads\/2021\/09\/is-basvuru-form-300x74.jpg 300w\" sizes=\"(max-width: 450px) 100vw, 450px\" \/><\/a><figcaption id=\"caption-attachment-1561\" class=\"wp-caption-text\"><em><strong>Access the job application form <a href=\"https:\/\/www.etkaotomotiv.com\/wp-content\/uploads\/2021\/10\/FR-18-Is-Basvurusu-Formu_.pdf\">CLICK HERE...<\/a><\/strong><\/em><\/figcaption><\/figure><p><img decoding=\"async\" class=\"wp-image-1563 size-full aligncenter\" src=\"https:\/\/www.etkaotomotiv.com\/wp-content\/uploads\/2021\/09\/kariyer-basvuru-1.jpg\" alt=\"\" width=\"450\" height=\"111\" srcset=\"https:\/\/www.caravanparts.com.tr\/wp-content\/uploads\/2021\/09\/kariyer-basvuru-1.jpg 450w, https:\/\/www.caravanparts.com.tr\/wp-content\/uploads\/2021\/09\/kariyer-basvuru-1-300x74.jpg 300w\" sizes=\"(max-width: 450px) 100vw, 450px\" \/><\/p><p><img decoding=\"async\" class=\"wp-image-1564 size-full aligncenter\" src=\"https:\/\/www.etkaotomotiv.com\/wp-content\/uploads\/2021\/09\/yenibiris.jpg\" alt=\"\" width=\"450\" height=\"111\" srcset=\"https:\/\/www.caravanparts.com.tr\/wp-content\/uploads\/2021\/09\/yenibiris.jpg 450w, https:\/\/www.caravanparts.com.tr\/wp-content\/uploads\/2021\/09\/yenibiris-300x74.jpg 300w\" sizes=\"(max-width: 450px) 100vw, 450px\" \/><\/p><p><span style=\"text-align: center;\">\u00a0<\/span><\/p>\t\t\t\t\t\t<\/div>\n\t\t\t\t<\/div>\n\t\t\t\t\t<\/div>\n\t\t<\/div>\n\t\t\t\t\t<\/div>\n\t\t<\/section>\n\t\t\t\t<section class=\"elementor-section elementor-top-section elementor-element elementor-element-dcf1e40 elementor-section-boxed elementor-section-height-default elementor-section-height-default\" data-id=\"dcf1e40\" data-element_type=\"section\">\n\t\t\t\t\t\t<div class=\"elementor-container elementor-column-gap-default\">\n\t\t\t\t\t<div class=\"elementor-column elementor-col-100 elementor-top-column elementor-element elementor-element-5c52169\" data-id=\"5c52169\" data-element_type=\"column\">\n\t\t\t<div class=\"elementor-widget-wrap elementor-element-populated\">\n\t\t\t\t\t\t<div class=\"elementor-element elementor-element-d234bea elementor-widget elementor-widget-text-editor\" data-id=\"d234bea\" data-element_type=\"widget\" data-widget_type=\"text-editor.default\">\n\t\t\t\t<div class=\"elementor-widget-container\">\n\t\t\t\t\t\t\t<h5>The Job Application form will be evaluated by Etka-D human resources department.<\/h5>\t\t\t\t\t\t<\/div>\n\t\t\t\t<\/div>\n\t\t\t\t<div class=\"elementor-element elementor-element-801e261 elementor-widget-divider--view-line_icon elementor-view-default elementor-widget-divider--element-align-center elementor-widget elementor-widget-divider\" data-id=\"801e261\" data-element_type=\"widget\" data-widget_type=\"divider.default\">\n\t\t\t\t<div class=\"elementor-widget-container\">\n\t\t\t\t\t<div class=\"elementor-divider\">\n\t\t\t<span class=\"elementor-divider-separator\">\n\t\t\t\t\t\t\t<div class=\"elementor-icon elementor-divider__element\">\n\t\t\t\t\t<i aria-hidden=\"true\" class=\"fas fa-mail-bulk\"><\/i><\/div>\n\t\t\t\t\t\t<\/span>\n\t\t<\/div>\n\t\t\t\t<\/div>\n\t\t\t\t<\/div>\n\t\t\t\t<div class=\"elementor-element elementor-element-cb7d133 elementor-widget elementor-widget-text-editor\" data-id=\"cb7d133\" data-element_type=\"widget\" data-widget_type=\"text-editor.default\">\n\t\t\t\t<div class=\"elementor-widget-container\">\n\t\t\t\t\t\t\t<p>Human Resources E-mail : personel@etkaotomotiv.com<\/p>\t\t\t\t\t\t<\/div>\n\t\t\t\t<\/div>\n\t\t\t\t\t<\/div>\n\t\t<\/div>\n\t\t\t\t\t<\/div>\n\t\t<\/section>\n\t\t\t\t<section class=\"elementor-section elementor-top-section elementor-element elementor-element-d934fbc elementor-section-boxed elementor-section-height-default elementor-section-height-default\" data-id=\"d934fbc\" data-element_type=\"section\">\n\t\t\t\t\t\t<div class=\"elementor-container elementor-column-gap-default\">\n\t\t\t\t\t<div class=\"elementor-column elementor-col-100 elementor-top-column elementor-element elementor-element-d8b0e23\" data-id=\"d8b0e23\" data-element_type=\"column\">\n\t\t\t<div class=\"elementor-widget-wrap elementor-element-populated\">\n\t\t\t\t\t\t<div class=\"elementor-element elementor-element-71e83e8 elementor-widget-divider--view-line_icon elementor-view-default elementor-widget-divider--element-align-center elementor-widget elementor-widget-divider\" data-id=\"71e83e8\" data-element_type=\"widget\" data-widget_type=\"divider.default\">\n\t\t\t\t<div class=\"elementor-widget-container\">\n\t\t\t\t\t<div class=\"elementor-divider\">\n\t\t\t<span class=\"elementor-divider-separator\">\n\t\t\t\t\t\t\t<div class=\"elementor-icon elementor-divider__element\">\n\t\t\t\t\t<i aria-hidden=\"true\" class=\"fas fa-photo-video\"><\/i><\/div>\n\t\t\t\t\t\t<\/span>\n\t\t<\/div>\n\t\t\t\t<\/div>\n\t\t\t\t<\/div>\n\t\t\t\t<div class=\"elementor-element elementor-element-4193d34 elementor-widget elementor-widget-heading\" data-id=\"4193d34\" data-element_type=\"widget\" data-widget_type=\"heading.default\">\n\t\t\t\t<div class=\"elementor-widget-container\">\n\t\t\t<h2 class=\"elementor-heading-title elementor-size-default\">  Photo Gallery<\/h2>\t\t<\/div>\n\t\t\t\t<\/div>\n\t\t\t\t\t<\/div>\n\t\t<\/div>\n\t\t\t\t\t<\/div>\n\t\t<\/section>\n\t\t\t\t<\/div>","protected":false},"excerpt":{"rendered":"<p>\u0130NSAN KAYNAKLARI POL\u0130T\u0130KAMIZ \u015eeffaf bir y\u00f6netim anlay\u0131\u015f\u0131 ile \u201cGlobal d\u00fcnya \u015fartlar\u0131nda kendi i\u015f kolumuzda bilgi, marka ve mam\u00fcl \u00fcreticisi olmak\u201d vizyonumuza ula\u015f\u0131rken &#8220;\u0130nsana Sayg\u0131 ve Eme\u011fe\u00a0De\u011fer Vermek\u2019\u2019 her zaman en \u00f6nemli de\u011ferlerimizden biri olmu\u015ftur. M\u00fc\u015fteri memnuniyetinin, ancak mutlu \u00e7al\u0131\u015fanlar ile sa\u011flanabilece\u011finin bilincinde olan bir firma olarak \u00e7al\u0131\u015fan memnuniyetini sa\u011flamak en \u00f6nemli ama\u00e7lar\u0131m\u0131zdand\u0131r. \u0130nsan kayna\u011f\u0131m\u0131z\u0131n geli\u015fime [&hellip;]<\/p>","protected":false},"author":2,"featured_media":0,"parent":0,"menu_order":0,"comment_status":"closed","ping_status":"closed","template":"","meta":{"footnotes":""},"class_list":["post-1558","page","type-page","status-publish","hentry"],"_links":{"self":[{"href":"https:\/\/www.caravanparts.com.tr\/en\/wp-json\/wp\/v2\/pages\/1558"}],"collection":[{"href":"https:\/\/www.caravanparts.com.tr\/en\/wp-json\/wp\/v2\/pages"}],"about":[{"href":"https:\/\/www.caravanparts.com.tr\/en\/wp-json\/wp\/v2\/types\/page"}],"author":[{"embeddable":true,"href":"https:\/\/www.caravanparts.com.tr\/en\/wp-json\/wp\/v2\/users\/2"}],"replies":[{"embeddable":true,"href":"https:\/\/www.caravanparts.com.tr\/en\/wp-json\/wp\/v2\/comments?post=1558"}],"version-history":[{"count":99,"href":"https:\/\/www.caravanparts.com.tr\/en\/wp-json\/wp\/v2\/pages\/1558\/revisions"}],"predecessor-version":[{"id":7488,"href":"https:\/\/www.caravanparts.com.tr\/en\/wp-json\/wp\/v2\/pages\/1558\/revisions\/7488"}],"wp:attachment":[{"href":"https:\/\/www.caravanparts.com.tr\/en\/wp-json\/wp\/v2\/media?parent=1558"}],"curies":[{"name":"wp","href":"https:\/\/api.w.org\/{rel}","templated":true}]}}